{"id":985,"date":"2025-09-30T16:52:14","date_gmt":"2025-09-30T16:52:14","guid":{"rendered":"https:\/\/groupefdufresne.ca\/?page_id=985"},"modified":"2025-11-03T15:49:49","modified_gmt":"2025-11-03T20:49:49","slug":"lave-auto-zero-contact","status":"publish","type":"page","link":"https:\/\/groupefdufresne.ca\/en\/services\/lave-auto-zero-contact\/","title":{"rendered":"Z\u00e9ro-Contact Car Wash"},"content":{"rendered":"<div data-elementor-type=\"wp-page\" data-elementor-id=\"985\" class=\"elementor elementor-985\" data-elementor-post-type=\"page\">\n\t\t\t\t<div class=\"elementor-element elementor-element-4f1f32b e-con-full e-flex e-con e-parent\" data-id=\"4f1f32b\" data-element_type=\"container\" data-e-type=\"container\" data-settings=\"{&quot;background_background&quot;:&quot;classic&quot;}\">\n\t\t\t\t<div class=\"elementor-element elementor-element-d5361cd elementor-icon-list--layout-traditional elementor-list-item-link-full_width elementor-widget elementor-widget-icon-list\" data-id=\"d5361cd\" data-element_type=\"widget\" data-e-type=\"widget\" data-widget_type=\"icon-list.default\">\n\t\t\t\t\t\t\t<ul class=\"elementor-icon-list-items\">\n\t\t\t\t\t\t\t<li class=\"elementor-icon-list-item\">\n\t\t\t\t\t\t\t\t\t\t\t<a href=\"https:\/\/groupefdufresne.ca\/en\/nos-marques-et-bannieres\/\">\n\n\t\t\t\t\t\t\t\t\t\t\t\t<span class=\"elementor-icon-list-icon\">\n\t\t\t\t\t\t\t<svg xmlns:xlink=\"http:\/\/www.w3.org\/1999\/xlink\" xmlns=\"http:\/\/www.w3.org\/2000\/svg\" width=\"24\" height=\"24\" viewbox=\"0 0 24 24\"><path fill=\"#7B7B7F\" transform=\"matrix(-1 0 0 1 24 0)\" id=\"a\" d=\"M11.295 4.705a.998.998 0 0 0 0 1.41L16.17 11H5a1 1 0 0 0 0 2h11.17l-4.876 4.884a.998.998 0 0 0 1.411 1.411L20 12l-7.295-7.295a.997.997 0 0 0-1.41 0z\"><\/path><\/svg>\t\t\t\t\t\t<\/span>\n\t\t\t\t\t\t\t\t\t\t<span class=\"elementor-icon-list-text\">return<\/span>\n\t\t\t\t\t\t\t\t\t\t\t<\/a>\n\t\t\t\t\t\t\t\t\t<\/li>\n\t\t\t\t\t\t<\/ul>\n\t\t\t\t\t\t<\/div>\n\t\t\t\t<\/div>\n\t\t<div class=\"elementor-element elementor-element-91daa2d e-con-full e-flex e-con e-parent\" data-id=\"91daa2d\" data-element_type=\"container\" data-e-type=\"container\" data-settings=\"{&quot;background_background&quot;:&quot;classic&quot;}\">\n\t\t\t\t<\/div>\n\t\t<div class=\"elementor-element elementor-element-f0a94f8 e-flex e-con-boxed e-con e-parent\" data-id=\"f0a94f8\" data-element_type=\"container\" data-e-type=\"container\">\n\t\t\t\t\t<div class=\"e-con-inner\">\n\t\t<div class=\"elementor-element elementor-element-b7d7fdc e-con-full e-flex e-con e-child\" data-id=\"b7d7fdc\" data-element_type=\"container\" data-e-type=\"container\">\n\t\t\t\t<div class=\"elementor-element elementor-element-7a19767 elementor-widget-tablet__width-initial elementor-widget elementor-widget-image-box\" data-id=\"7a19767\" data-element_type=\"widget\" data-e-type=\"widget\" data-widget_type=\"image-box.default\">\n\t\t\t\t\t<div class=\"elementor-image-box-wrapper\"><div class=\"elementor-image-box-content\"><h3 class=\"elementor-image-box-title\">Z\u00e9ro-Contact Car Wash<\/h3><p class=\"elementor-image-box-description\">Z\u00e9ro Contact car washes offer you a high-performance, touchless high-pressure wash that\u2019s both efficient and economical, wherever you go. Equipped with water recovery systems, our car washes comply with all environmental standards. The products used contain no hydrofluoric acid, ozone-depleting substances, or traces of formaldehyde.<\/p><\/div><\/div>\t\t\t\t<\/div>\n\t\t\t\t<div class=\"elementor-element elementor-element-5372b93 e-transform elementor-widget elementor-widget-button\" data-id=\"5372b93\" data-element_type=\"widget\" data-e-type=\"widget\" data-settings=\"{&quot;_transform_scale_effect_hover&quot;:{&quot;unit&quot;:&quot;px&quot;,&quot;size&quot;:1.05,&quot;sizes&quot;:[]},&quot;_transform_scale_effect_hover_tablet&quot;:{&quot;unit&quot;:&quot;px&quot;,&quot;size&quot;:&quot;&quot;,&quot;sizes&quot;:[]},&quot;_transform_scale_effect_hover_mobile&quot;:{&quot;unit&quot;:&quot;px&quot;,&quot;size&quot;:&quot;&quot;,&quot;sizes&quot;:[]}}\" data-widget_type=\"button.default\">\n\t\t\t\t\t\t\t\t\t\t<a class=\"elementor-button elementor-button-link elementor-size-sm\" href=\"\/en\/nos-stations\/\" target=\"_blank\">\n\t\t\t\t\t\t<span class=\"elementor-button-content-wrapper\">\n\t\t\t\t\t\t\t\t\t<span class=\"elementor-button-text\">find a car wash near you<\/span>\n\t\t\t\t\t<\/span>\n\t\t\t\t\t<\/a>\n\t\t\t\t\t\t\t\t<\/div>\n\t\t\t\t<\/div>\n\t\t\t\t<div class=\"elementor-element elementor-element-9823e02 elementor-widget elementor-widget-heading\" data-id=\"9823e02\" data-element_type=\"widget\" data-e-type=\"widget\" data-widget_type=\"heading.default\">\n\t\t\t\t\t<h2 class=\"elementor-heading-title elementor-size-default\">Prestige Wash<\/h2>\t\t\t\t<\/div>\n\t\t\t\t<div class=\"elementor-element elementor-element-d1449ae elementor-widget elementor-widget-text-editor\" data-id=\"d1449ae\" data-element_type=\"widget\" data-e-type=\"widget\" data-widget_type=\"text-editor.default\">\n\t\t\t\t\t\t\t\t\t<p class=\"translation-block\">Treat your vehicle to the care it deserves with our Prestige Wash \u2014 the most complete service available at our stations.\n\nWhat truly sets it apart? Its premium shine agent made with graphene wax, an advanced technology that provides a long-lasting shine and superior protection against the elements.<\/p><p class=\"translation-block\">The Prestige Wash combines the power of high-pressure cleaning with rich foaming soap for a deep clean, followed by a high-pressure rinse that ensures a residue-free finish, while the three-color protection enhances the paint\u2019s shine. The applied shine agent, made with graphene wax, is the most effective on the market, boosting gloss while forming a protective barrier against contaminants.<\/p>\t\t\t\t\t\t\t\t<\/div>\n\t\t\t\t<div class=\"elementor-element elementor-element-9d8b521 elementor-widget elementor-widget-heading\" data-id=\"9d8b521\" data-element_type=\"widget\" data-e-type=\"widget\" data-widget_type=\"heading.default\">\n\t\t\t\t\t<h2 class=\"elementor-heading-title elementor-size-default\">Ultimate Wash<\/h2>\t\t\t\t<\/div>\n\t\t\t\t<div class=\"elementor-element elementor-element-e0b0519 elementor-widget elementor-widget-text-editor\" data-id=\"e0b0519\" data-element_type=\"widget\" data-e-type=\"widget\" data-widget_type=\"text-editor.default\">\n\t\t\t\t\t\t\t\t\t<p class=\"translation-block\">A customer favorite, our Ultimate Wash combines power and shine!<\/p><p class=\"translation-block\">It delivers a powerful high-pressure wash and rich foaming soap for a spotless clean, followed by a brilliant high-pressure rinse. Your car regains its full beauty with the three-color protection that enhances the body\u2019s shine. The final shine agent completes the process, leaving a bright, long-lasting finish.<\/p>\t\t\t\t\t\t\t\t<\/div>\n\t\t\t\t<div class=\"elementor-element elementor-element-88877cf elementor-widget elementor-widget-heading\" data-id=\"88877cf\" data-element_type=\"widget\" data-e-type=\"widget\" data-widget_type=\"heading.default\">\n\t\t\t\t\t<h2 class=\"elementor-heading-title elementor-size-default\">Superior Wash<\/h2>\t\t\t\t<\/div>\n\t\t\t\t<div class=\"elementor-element elementor-element-ea1c8a4 elementor-widget elementor-widget-text-editor\" data-id=\"ea1c8a4\" data-element_type=\"widget\" data-e-type=\"widget\" data-widget_type=\"text-editor.default\">\n\t\t\t\t\t\t\t\t\t<p class=\"translation-block\">The Superior Wash combines performance and efficiency \u2014 the perfect choice for frequent washes.<\/p><p class=\"translation-block\">This quick and efficient option ensures an excellent level of cleanliness with a high-pressure wash and rich foaming soap that remove dirt deep down, followed by a high-pressure rinse for a radiant finish. Finally, the three-color protection enhances the paint\u2019s shine and keeps it looking bright for longer.<\/p>\t\t\t\t\t\t\t\t<\/div>\n\t\t\t\t<div class=\"elementor-element elementor-element-33e263e elementor-widget elementor-widget-heading\" data-id=\"33e263e\" data-element_type=\"widget\" data-e-type=\"widget\" data-widget_type=\"heading.default\">\n\t\t\t\t\t<h2 class=\"elementor-heading-title elementor-size-default\">Basic Wash<\/h2>\t\t\t\t<\/div>\n\t\t\t\t<div class=\"elementor-element elementor-element-38de7bd elementor-widget elementor-widget-text-editor\" data-id=\"38de7bd\" data-element_type=\"widget\" data-e-type=\"widget\" data-widget_type=\"text-editor.default\">\n\t\t\t\t\t\t\t\t\t<p class=\"translation-block\">The Basic Wash delivers a fast, cost-effective clean \u2014 perfect for everyday vehicle care.<\/p>\n<p class=\"translation-block\">Enjoy a high-pressure wash and rich foaming soap that remove dirt deep down, followed by a high-pressure rinse for a clean, even finish. A simple, convenient, and affordable choice to keep your car looking great between full washes.<\/p>\t\t\t\t\t\t\t\t<\/div>\n\t\t\t\t\t<\/div>\n\t\t\t\t<\/div>\n\t\t<div class=\"elementor-element elementor-element-3dc1068 e-grid e-con-boxed e-con e-parent\" data-id=\"3dc1068\" data-element_type=\"container\" data-e-type=\"container\">\n\t\t\t\t\t<div class=\"e-con-inner\">\n\t\t\t\t\t<\/div>\n\t\t\t\t<\/div>\n\t\t<div class=\"elementor-element elementor-element-7b6792a e-con-full e-flex e-con e-parent\" data-id=\"7b6792a\" data-element_type=\"container\" data-e-type=\"container\">\n\t\t<div class=\"elementor-element elementor-element-6c9d851 e-con-full e-flex e-con e-child\" data-id=\"6c9d851\" data-element_type=\"container\" data-e-type=\"container\" data-settings=\"{&quot;background_background&quot;:&quot;classic&quot;}\">\n\t\t\t\t<div class=\"elementor-element elementor-element-258e626 elementor-widget elementor-widget-heading\" data-id=\"258e626\" data-element_type=\"widget\" data-e-type=\"widget\" data-widget_type=\"heading.default\">\n\t\t\t\t\t<h2 class=\"elementor-heading-title elementor-size-default\">Close to home<\/h2>\t\t\t\t<\/div>\n\t\t\t\t<div class=\"elementor-element elementor-element-b59c93f elementor-widget__width-initial elementor-widget-tablet__width-inherit elementor-widget elementor-widget-image-box\" data-id=\"b59c93f\" data-element_type=\"widget\" data-e-type=\"widget\" data-widget_type=\"image-box.default\">\n\t\t\t\t\t<div class=\"elementor-image-box-wrapper\"><div class=\"elementor-image-box-content\"><h3 class=\"elementor-image-box-title\">Find a service station<\/h3><p class=\"elementor-image-box-description\">Find the nearest gas station or convenience store on an interactive map!<\/p><\/div><\/div>\t\t\t\t<\/div>\n\t\t\t\t<div class=\"elementor-element elementor-element-52b1eb8 e-transform elementor-widget elementor-widget-button\" data-id=\"52b1eb8\" data-element_type=\"widget\" data-e-type=\"widget\" data-settings=\"{&quot;_transform_scale_effect_hover&quot;:{&quot;unit&quot;:&quot;px&quot;,&quot;size&quot;:1.05,&quot;sizes&quot;:[]},&quot;_transform_scale_effect_hover_tablet&quot;:{&quot;unit&quot;:&quot;px&quot;,&quot;size&quot;:&quot;&quot;,&quot;sizes&quot;:[]},&quot;_transform_scale_effect_hover_mobile&quot;:{&quot;unit&quot;:&quot;px&quot;,&quot;size&quot;:&quot;&quot;,&quot;sizes&quot;:[]}}\" data-widget_type=\"button.default\">\n\t\t\t\t\t\t\t\t\t\t<a class=\"elementor-button elementor-button-link elementor-size-sm\" href=\"\/en\/nos-stations\/\">\n\t\t\t\t\t\t<span class=\"elementor-button-content-wrapper\">\n\t\t\t\t\t\t\t\t\t<span class=\"elementor-button-text\">find a station<\/span>\n\t\t\t\t\t<\/span>\n\t\t\t\t\t<\/a>\n\t\t\t\t\t\t\t\t<\/div>\n\t\t\t\t<\/div>\n\t\t<div class=\"elementor-element elementor-element-071261d e-con-full e-flex e-con e-child\" data-id=\"071261d\" data-element_type=\"container\" data-e-type=\"container\" data-settings=\"{&quot;background_background&quot;:&quot;classic&quot;}\">\n\t\t\t\t<div class=\"elementor-element elementor-element-c87fee0 elementor-widget elementor-widget-heading\" data-id=\"c87fee0\" data-element_type=\"widget\" data-e-type=\"widget\" data-widget_type=\"heading.default\">\n\t\t\t\t\t<h2 class=\"elementor-heading-title elementor-size-default\">careers<\/h2>\t\t\t\t<\/div>\n\t\t\t\t<div class=\"elementor-element elementor-element-7adb316 elementor-widget__width-initial elementor-widget-tablet__width-inherit elementor-widget elementor-widget-image-box\" data-id=\"7adb316\" data-element_type=\"widget\" data-e-type=\"widget\" data-widget_type=\"image-box.default\">\n\t\t\t\t\t<div class=\"elementor-image-box-wrapper\"><div class=\"elementor-image-box-content\"><h3 class=\"elementor-image-box-title\">Join the Groupe F. Dufresne family<\/h3><p class=\"elementor-image-box-description\">Whether as part of the administrative team at our head office or in one of our divisions, we\u2019re always looking for new talent to join the Groupe F. Dufresne family.<\/p><\/div><\/div>\t\t\t\t<\/div>\n\t\t\t\t<div class=\"elementor-element elementor-element-f3afea8 e-transform elementor-widget elementor-widget-button\" data-id=\"f3afea8\" data-element_type=\"widget\" data-e-type=\"widget\" data-settings=\"{&quot;_transform_scale_effect_hover&quot;:{&quot;unit&quot;:&quot;px&quot;,&quot;size&quot;:1.05,&quot;sizes&quot;:[]},&quot;_transform_scale_effect_hover_tablet&quot;:{&quot;unit&quot;:&quot;px&quot;,&quot;size&quot;:&quot;&quot;,&quot;sizes&quot;:[]},&quot;_transform_scale_effect_hover_mobile&quot;:{&quot;unit&quot;:&quot;px&quot;,&quot;size&quot;:&quot;&quot;,&quot;sizes&quot;:[]}}\" data-widget_type=\"button.default\">\n\t\t\t\t\t\t\t\t\t\t<a class=\"elementor-button elementor-button-link elementor-size-sm\" href=\"\/en\/carrieres\/\" target=\"_blank\">\n\t\t\t\t\t\t<span class=\"elementor-button-content-wrapper\">\n\t\t\t\t\t\t\t\t\t<span class=\"elementor-button-text\">learn more<\/span>\n\t\t\t\t\t<\/span>\n\t\t\t\t\t<\/a>\n\t\t\t\t\t\t\t\t<\/div>\n\t\t\t\t<\/div>\n\t\t\t\t<\/div>\n\t\t\t\t<\/div>","protected":false},"excerpt":{"rendered":"<p>retour Lave-auto Z\u00e9ro Contact Les lave-autos Z\u00e9ro Contact vous offrent un lavage haute pression sans contact performant et \u00e9conomique partout o\u00f9 vous allez. Dot\u00e9s de syst\u00e8me de r\u00e9cup\u00e9ration d&rsquo;eau, nos lave-autos respectent toutes les normes environnementales. Les produits utilis\u00e9s ne contiennent aucun acide hydrofluorique, substances nuisibles pour la couche d&rsquo;ozone ou traces de formald\u00e9hyde. Localisez [&hellip;]<\/p>\n","protected":false},"author":2,"featured_media":0,"parent":786,"menu_order":0,"comment_status":"closed","ping_status":"closed","template":"","meta":{"_seopress_robots_primary_cat":"","_seopress_titles_title":"","_seopress_titles_desc":"","_seopress_robots_index":"","footnotes":""},"class_list":["post-985","page","type-page","status-publish","hentry"],"_links":{"self":[{"href":"https:\/\/groupefdufresne.ca\/en\/wp-json\/wp\/v2\/pages\/985","targetHints":{"allow":["GET"]}}],"collection":[{"href":"https:\/\/groupefdufresne.ca\/en\/wp-json\/wp\/v2\/pages"}],"about":[{"href":"https:\/\/groupefdufresne.ca\/en\/wp-json\/wp\/v2\/types\/page"}],"author":[{"embeddable":true,"href":"https:\/\/groupefdufresne.ca\/en\/wp-json\/wp\/v2\/users\/2"}],"replies":[{"embeddable":true,"href":"https:\/\/groupefdufresne.ca\/en\/wp-json\/wp\/v2\/comments?post=985"}],"version-history":[{"count":0,"href":"https:\/\/groupefdufresne.ca\/en\/wp-json\/wp\/v2\/pages\/985\/revisions"}],"up":[{"embeddable":true,"href":"https:\/\/groupefdufresne.ca\/en\/wp-json\/wp\/v2\/pages\/786"}],"wp:attachment":[{"href":"https:\/\/groupefdufresne.ca\/en\/wp-json\/wp\/v2\/media?parent=985"}],"curies":[{"name":"wp","href":"https:\/\/api.w.org\/{rel}","templated":true}]}}