{"id":786,"date":"2025-09-27T00:29:41","date_gmt":"2025-09-27T00:29:41","guid":{"rendered":"https:\/\/groupefdufresne.ca\/?page_id=786"},"modified":"2025-09-27T00:33:36","modified_gmt":"2025-09-27T00:33:36","slug":"services","status":"publish","type":"page","link":"https:\/\/groupefdufresne.ca\/en\/services\/","title":{"rendered":"Services"},"content":{"rendered":"<div data-elementor-type=\"wp-page\" data-elementor-id=\"786\" class=\"elementor elementor-786\" data-elementor-post-type=\"page\">\n\t\t\t\t<div class=\"elementor-element elementor-element-07a215a e-flex e-con-boxed e-con e-parent\" data-id=\"07a215a\" data-element_type=\"container\" data-e-type=\"container\" data-settings=\"{&quot;background_background&quot;:&quot;classic&quot;}\">\n\t\t\t\t\t<div class=\"e-con-inner\">\n\t\t\t\t<div class=\"elementor-element elementor-element-0bab0b0 elementor-widget elementor-widget-image-box\" data-id=\"0bab0b0\" data-element_type=\"widget\" data-e-type=\"widget\" data-widget_type=\"image-box.default\">\n\t\t\t\t\t<div class=\"elementor-image-box-wrapper\"><div class=\"elementor-image-box-content\"><h3 class=\"elementor-image-box-title\">404<\/h3><p class=\"elementor-image-box-description\">D\u00e9sol\u00e9, nous n'avons pas pu trouver cette page.<\/p><\/div><\/div>\t\t\t\t<\/div>\n\t\t\t\t<div class=\"elementor-element elementor-element-31fcb07 e-transform elementor-widget elementor-widget-button\" data-id=\"31fcb07\" data-element_type=\"widget\" data-e-type=\"widget\" data-settings=\"{&quot;_transform_scale_effect_hover&quot;:{&quot;unit&quot;:&quot;px&quot;,&quot;size&quot;:1.05,&quot;sizes&quot;:[]},&quot;_transform_scale_effect_hover_tablet&quot;:{&quot;unit&quot;:&quot;px&quot;,&quot;size&quot;:&quot;&quot;,&quot;sizes&quot;:[]},&quot;_transform_scale_effect_hover_mobile&quot;:{&quot;unit&quot;:&quot;px&quot;,&quot;size&quot;:&quot;&quot;,&quot;sizes&quot;:[]}}\" data-widget_type=\"button.default\">\n\t\t\t\t\t\t\t\t\t\t<a class=\"elementor-button elementor-button-link elementor-size-sm\" href=\"https:\/\/groupefdufresne.ca\/en\">\n\t\t\t\t\t\t<span class=\"elementor-button-content-wrapper\">\n\t\t\t\t\t\t\t\t\t<span class=\"elementor-button-text\"> Vous rendre \u00e0 la page d'accueil<\/span>\n\t\t\t\t\t<\/span>\n\t\t\t\t\t<\/a>\n\t\t\t\t\t\t\t\t<\/div>\n\t\t\t\t\t<\/div>\n\t\t\t\t<\/div>\n\t\t\t\t<\/div>","protected":false},"excerpt":{"rendered":"<p>404 D\u00e9sol\u00e9, nous n&rsquo;avons pas pu trouver cette page. Vous rendre \u00e0 la page d&rsquo;accueil<\/p>","protected":false},"author":2,"featured_media":0,"parent":0,"menu_order":0,"comment_status":"closed","ping_status":"closed","template":"","meta":{"_seopress_robots_primary_cat":"","_seopress_titles_title":"","_seopress_titles_desc":"","_seopress_robots_index":"","footnotes":""},"class_list":["post-786","page","type-page","status-publish","hentry"],"_links":{"self":[{"href":"https:\/\/groupefdufresne.ca\/en\/wp-json\/wp\/v2\/pages\/786","targetHints":{"allow":["GET"]}}],"collection":[{"href":"https:\/\/groupefdufresne.ca\/en\/wp-json\/wp\/v2\/pages"}],"about":[{"href":"https:\/\/groupefdufresne.ca\/en\/wp-json\/wp\/v2\/types\/page"}],"author":[{"embeddable":true,"href":"https:\/\/groupefdufresne.ca\/en\/wp-json\/wp\/v2\/users\/2"}],"replies":[{"embeddable":true,"href":"https:\/\/groupefdufresne.ca\/en\/wp-json\/wp\/v2\/comments?post=786"}],"version-history":[{"count":0,"href":"https:\/\/groupefdufresne.ca\/en\/wp-json\/wp\/v2\/pages\/786\/revisions"}],"wp:attachment":[{"href":"https:\/\/groupefdufresne.ca\/en\/wp-json\/wp\/v2\/media?parent=786"}],"curies":[{"name":"wp","href":"https:\/\/api.w.org\/{rel}","templated":true}]}}