{"id":1172,"date":"2025-10-16T13:54:08","date_gmt":"2025-10-16T17:54:08","guid":{"rendered":"https:\/\/groupefdufresne.ca\/?page_id=1172"},"modified":"2025-10-22T13:44:31","modified_gmt":"2025-10-22T17:44:31","slug":"accueil-duplicate","status":"publish","type":"page","link":"https:\/\/groupefdufresne.ca\/en\/accueil-duplicate\/","title":{"rendered":"Accueil (DUPLICATE)"},"content":{"rendered":"<div data-elementor-type=\"wp-page\" data-elementor-id=\"1172\" class=\"elementor elementor-1172\" data-elementor-post-type=\"page\">\n\t\t\t\t<div class=\"elementor-element elementor-element-0df2e95 e-con-full of-hero-container e-flex e-con e-parent\" data-id=\"0df2e95\" data-element_type=\"container\" data-e-type=\"container\">\n\t\t\t\t<div class=\"elementor-element elementor-element-6ad2cc9 elementor-widget elementor-widget-video\" data-id=\"6ad2cc9\" data-element_type=\"widget\" data-e-type=\"widget\" id=\"of-main-video\" data-settings=\"{&quot;video_type&quot;:&quot;hosted&quot;}\" data-widget_type=\"video.default\">\n\t\t\t\t\t\t\t<div class=\"e-hosted-video elementor-wrapper elementor-open-inline\">\n\t\t\t\t\t<video class=\"elementor-video\" src=\"https:\/\/groupefdufresne.ca\/wp-content\/uploads\/2025\/07\/groupe-f-dufresne_version-fr-2022-general-rev-corr_mixweb-rev-2-1.webm\" preload=\"auto\" controlslist=\"nodownload\"><\/video>\n\t\t\t\t<\/div>\n\t\t\t\t\t\t<\/div>\n\t\t<div class=\"elementor-element elementor-element-2a416f1 e-flex e-con-boxed e-con e-child\" data-id=\"2a416f1\" data-element_type=\"container\" data-e-type=\"container\" data-settings=\"{&quot;position&quot;:&quot;absolute&quot;}\">\n\t\t\t\t\t<div class=\"e-con-inner\">\n\t\t\t\t<div class=\"elementor-element elementor-element-f7dc700 elementor-widget elementor-widget-heading\" data-id=\"f7dc700\" data-element_type=\"widget\" data-e-type=\"widget\" id=\"of-video-heading\" data-widget_type=\"heading.default\">\n\t\t\t\t\t<h2 class=\"elementor-heading-title elementor-size-default\">A Family Affair Since 1950!<\/h2>\t\t\t\t<\/div>\n\t\t\t\t<div class=\"elementor-element elementor-element-0bdb72f e-transform elementor-widget elementor-widget-button\" data-id=\"0bdb72f\" data-element_type=\"widget\" data-e-type=\"widget\" id=\"of-video-btn\" data-settings=\"{&quot;_transform_scale_effect_hover&quot;:{&quot;unit&quot;:&quot;px&quot;,&quot;size&quot;:1.05,&quot;sizes&quot;:[]},&quot;_transform_scale_effect_hover_tablet&quot;:{&quot;unit&quot;:&quot;px&quot;,&quot;size&quot;:&quot;&quot;,&quot;sizes&quot;:[]},&quot;_transform_scale_effect_hover_mobile&quot;:{&quot;unit&quot;:&quot;px&quot;,&quot;size&quot;:&quot;&quot;,&quot;sizes&quot;:[]}}\" data-widget_type=\"button.default\">\n\t\t\t\t\t\t\t\t\t\t<a class=\"elementor-button elementor-size-sm\" role=\"button\">\n\t\t\t\t\t\t<span class=\"elementor-button-content-wrapper\">\n\t\t\t\t\t\t\t\t\t<span class=\"elementor-button-text\">play video<\/span>\n\t\t\t\t\t<\/span>\n\t\t\t\t\t<\/a>\n\t\t\t\t\t\t\t\t<\/div>\n\t\t\t\t\t<\/div>\n\t\t\t\t<\/div>\n\t\t\t\t<\/div>\n\t\t<div class=\"elementor-element elementor-element-f48de0c e-con-full e-flex e-con e-parent\" data-id=\"f48de0c\" data-element_type=\"container\" data-e-type=\"container\">\n\t\t<div class=\"elementor-element elementor-element-e7295c2 e-con-full e-flex e-con e-child\" data-id=\"e7295c2\" data-element_type=\"container\" data-e-type=\"container\">\n\t\t\t\t<div class=\"elementor-element elementor-element-b5538cf elementor-widget elementor-widget-heading\" data-id=\"b5538cf\" data-element_type=\"widget\" data-e-type=\"widget\" data-widget_type=\"heading.default\">\n\t\t\t\t\t<h2 class=\"elementor-heading-title elementor-size-default\">75 Years in The Making<\/h2>\t\t\t\t<\/div>\n\t\t\t\t<div class=\"elementor-element elementor-element-74680b9 elementor-widget elementor-widget-text-editor\" data-id=\"74680b9\" data-element_type=\"widget\" data-e-type=\"widget\" data-widget_type=\"text-editor.default\">\n\t\t\t\t\t\t\t\t\t<p><strong>This year, Groupe F. Dufresne celebrates a milestone: 75 years of serving Quebecers (and beyond) with passion and dedication.<\/strong><\/p><p>From our beginnings to today, we've come an incredible distance: over 1,500 employees and a company now run by the 3rd generation of the Dufresne family!<\/p><p>Whether in our convenience stores, our offices, in the field or on the road, it's thanks to our dynamic team and your trust that we've been able to accomplish so much.<\/p><p>And you can be sure of one thing: we're not stopping anytime soon!<\/p>\t\t\t\t\t\t\t\t<\/div>\n\t\t\t\t<\/div>\n\t\t<div class=\"elementor-element elementor-element-5a2665a e-con-full e-flex e-con e-child\" data-id=\"5a2665a\" data-element_type=\"container\" data-e-type=\"container\" data-settings=\"{&quot;background_background&quot;:&quot;classic&quot;}\">\n\t\t\t\t<div class=\"elementor-element elementor-element-aad4dc1 elementor-widget elementor-widget-spacer\" data-id=\"aad4dc1\" data-element_type=\"widget\" data-e-type=\"widget\" data-widget_type=\"spacer.default\">\n\t\t\t\t\t\t\t<div class=\"elementor-spacer\">\n\t\t\t<div class=\"elementor-spacer-inner\"><\/div>\n\t\t<\/div>\n\t\t\t\t\t\t<\/div>\n\t\t\t\t<\/div>\n\t\t\t\t<\/div>\n\t\t<div class=\"elementor-element elementor-element-b50f709 e-con-full e-flex e-con e-parent\" data-id=\"b50f709\" data-element_type=\"container\" data-e-type=\"container\">\n\t\t<div class=\"elementor-element elementor-element-c7e4ea0 e-con-full e-flex e-con e-child\" data-id=\"c7e4ea0\" data-element_type=\"container\" data-e-type=\"container\">\n\t\t\t\t<div class=\"elementor-element elementor-element-9a9d4fd elementor-widget elementor-widget-heading\" data-id=\"9a9d4fd\" data-element_type=\"widget\" data-e-type=\"widget\" data-widget_type=\"heading.default\">\n\t\t\t\t\t<h2 class=\"elementor-heading-title elementor-size-default\">About Us<\/h2>\t\t\t\t<\/div>\n\t\t\t\t<div class=\"elementor-element elementor-element-3efcf0c elementor-widget elementor-widget-text-editor\" data-id=\"3efcf0c\" data-element_type=\"widget\" data-e-type=\"widget\" data-widget_type=\"text-editor.default\">\n\t\t\t\t\t\t\t\t\t<div class=\"text-image__text\"><p>Groupe F. Dufresne was founded in Quebec City in 1950. Today, it\u2019s a third-generation family business that employs nearly 1 500 people.<\/p><p>It includes companies under multiple brands active in convenience store operations, retail fuel sales, restaurant and food services, home comfort, and transportation logistics under a variety of companies and brand names.<\/p><\/div>\t\t\t\t\t\t\t\t<\/div>\n\t\t\t\t<div class=\"elementor-element elementor-element-eec8ee9 e-transform elementor-widget elementor-widget-button\" data-id=\"eec8ee9\" data-element_type=\"widget\" data-e-type=\"widget\" data-settings=\"{&quot;_transform_scale_effect_hover&quot;:{&quot;unit&quot;:&quot;px&quot;,&quot;size&quot;:1.05,&quot;sizes&quot;:[]},&quot;_transform_scale_effect_hover_tablet&quot;:{&quot;unit&quot;:&quot;px&quot;,&quot;size&quot;:&quot;&quot;,&quot;sizes&quot;:[]},&quot;_transform_scale_effect_hover_mobile&quot;:{&quot;unit&quot;:&quot;px&quot;,&quot;size&quot;:&quot;&quot;,&quot;sizes&quot;:[]}}\" data-widget_type=\"button.default\">\n\t\t\t\t\t\t\t\t\t\t<a class=\"elementor-button elementor-button-link elementor-size-sm\" href=\"https:\/\/groupefdufresne.ca\/en\/a-propos\/\">\n\t\t\t\t\t\t<span class=\"elementor-button-content-wrapper\">\n\t\t\t\t\t\t\t\t\t<span class=\"elementor-button-text\">learn more<\/span>\n\t\t\t\t\t<\/span>\n\t\t\t\t\t<\/a>\n\t\t\t\t\t\t\t\t<\/div>\n\t\t\t\t<\/div>\n\t\t<div class=\"elementor-element elementor-element-61f90f6 e-con-full e-flex e-con e-child\" data-id=\"61f90f6\" data-element_type=\"container\" data-e-type=\"container\" data-settings=\"{&quot;background_background&quot;:&quot;classic&quot;}\">\n\t\t\t\t<div class=\"elementor-element elementor-element-d850a0a elementor-widget elementor-widget-spacer\" data-id=\"d850a0a\" data-element_type=\"widget\" data-e-type=\"widget\" data-widget_type=\"spacer.default\">\n\t\t\t\t\t\t\t<div class=\"elementor-spacer\">\n\t\t\t<div class=\"elementor-spacer-inner\"><\/div>\n\t\t<\/div>\n\t\t\t\t\t\t<\/div>\n\t\t\t\t<\/div>\n\t\t\t\t<\/div>\n\t\t<div class=\"elementor-element elementor-element-83c43ad e-con-full e-flex e-con e-parent\" data-id=\"83c43ad\" data-element_type=\"container\" data-e-type=\"container\">\n\t\t<div class=\"elementor-element elementor-element-5087b20 e-con-full e-flex e-con e-child\" data-id=\"5087b20\" data-element_type=\"container\" data-e-type=\"container\">\n\t\t\t\t<div class=\"elementor-element elementor-element-87a89ea elementor-widget elementor-widget-heading\" data-id=\"87a89ea\" data-element_type=\"widget\" data-e-type=\"widget\" data-widget_type=\"heading.default\">\n\t\t\t\t\t<h2 class=\"elementor-heading-title elementor-size-default\">The Third Generation Takes The Helm<\/h2>\t\t\t\t<\/div>\n\t\t\t\t<div class=\"elementor-element elementor-element-7d03beb elementor-widget elementor-widget-text-editor\" data-id=\"7d03beb\" data-element_type=\"widget\" data-e-type=\"widget\" data-widget_type=\"text-editor.default\">\n\t\t\t\t\t\t\t\t\t<p>In 1950, the Dufresne family\u2014Fernand, Carmen, and their five children Pierre, Jacques, Louise, Lina, and Jos\u00e9e\u2014moved to Rue des Fr\u00eanes in Quebec City\u2019s Limoilou district.<\/p><p>Seventy years later, Pierre and Jacques are proudly passing the torch to the third generation: J\u00e9r\u00f4me, Pierre-Olivier, and Francis.<\/p>\t\t\t\t\t\t\t\t<\/div>\n\t\t\t\t<div class=\"elementor-element elementor-element-b2d069c e-transform elementor-widget elementor-widget-button\" data-id=\"b2d069c\" data-element_type=\"widget\" data-e-type=\"widget\" data-settings=\"{&quot;_transform_scale_effect_hover&quot;:{&quot;unit&quot;:&quot;px&quot;,&quot;size&quot;:1.05,&quot;sizes&quot;:[]},&quot;_transform_scale_effect_hover_tablet&quot;:{&quot;unit&quot;:&quot;px&quot;,&quot;size&quot;:&quot;&quot;,&quot;sizes&quot;:[]},&quot;_transform_scale_effect_hover_mobile&quot;:{&quot;unit&quot;:&quot;px&quot;,&quot;size&quot;:&quot;&quot;,&quot;sizes&quot;:[]}}\" data-widget_type=\"button.default\">\n\t\t\t\t\t\t\t\t\t\t<a class=\"elementor-button elementor-button-link elementor-size-sm\" href=\"https:\/\/groupefdufresne.ca\/en\/a-propos\/\">\n\t\t\t\t\t\t<span class=\"elementor-button-content-wrapper\">\n\t\t\t\t\t\t\t\t\t<span class=\"elementor-button-text\">discover ou story<\/span>\n\t\t\t\t\t<\/span>\n\t\t\t\t\t<\/a>\n\t\t\t\t\t\t\t\t<\/div>\n\t\t\t\t<\/div>\n\t\t<div class=\"elementor-element elementor-element-ef5e4fd e-con-full e-flex e-con e-child\" data-id=\"ef5e4fd\" data-element_type=\"container\" data-e-type=\"container\" data-settings=\"{&quot;background_background&quot;:&quot;classic&quot;}\">\n\t\t\t\t<div class=\"elementor-element elementor-element-7b51b86 elementor-widget elementor-widget-spacer\" data-id=\"7b51b86\" data-element_type=\"widget\" data-e-type=\"widget\" data-widget_type=\"spacer.default\">\n\t\t\t\t\t\t\t<div class=\"elementor-spacer\">\n\t\t\t<div class=\"elementor-spacer-inner\"><\/div>\n\t\t<\/div>\n\t\t\t\t\t\t<\/div>\n\t\t\t\t<\/div>\n\t\t\t\t<\/div>\n\t\t<div class=\"elementor-element elementor-element-8cdfabb e-con-full e-flex e-con e-parent\" data-id=\"8cdfabb\" data-element_type=\"container\" data-e-type=\"container\" data-settings=\"{&quot;background_background&quot;:&quot;classic&quot;}\">\n\t\t<div class=\"elementor-element elementor-element-8fb6e8b e-con-full e-flex e-con e-child\" data-id=\"8fb6e8b\" data-element_type=\"container\" data-e-type=\"container\">\n\t\t\t\t<div class=\"elementor-element elementor-element-f386c5e elementor-widget elementor-widget-heading\" data-id=\"f386c5e\" data-element_type=\"widget\" data-e-type=\"widget\" data-widget_type=\"heading.default\">\n\t\t\t\t\t<h2 class=\"elementor-heading-title elementor-size-default\">Close to home<\/h2>\t\t\t\t<\/div>\n\t\t\t\t<div class=\"elementor-element elementor-element-2dc6eca elementor-widget-tablet__width-inherit elementor-widget elementor-widget-image-box\" data-id=\"2dc6eca\" data-element_type=\"widget\" data-e-type=\"widget\" data-widget_type=\"image-box.default\">\n\t\t\t\t\t<div class=\"elementor-image-box-wrapper\"><div class=\"elementor-image-box-content\"><h3 class=\"elementor-image-box-title\">Find a Service Station<\/h3><p class=\"elementor-image-box-description\">Find the nearest Sprint gas station or convenience store on an interactive map!<\/p><\/div><\/div>\t\t\t\t<\/div>\n\t\t\t\t<div class=\"elementor-element elementor-element-5c3ab90 e-transform elementor-widget elementor-widget-button\" data-id=\"5c3ab90\" data-element_type=\"widget\" data-e-type=\"widget\" data-settings=\"{&quot;_transform_scale_effect_hover&quot;:{&quot;unit&quot;:&quot;px&quot;,&quot;size&quot;:1.05,&quot;sizes&quot;:[]},&quot;_transform_scale_effect_hover_tablet&quot;:{&quot;unit&quot;:&quot;px&quot;,&quot;size&quot;:&quot;&quot;,&quot;sizes&quot;:[]},&quot;_transform_scale_effect_hover_mobile&quot;:{&quot;unit&quot;:&quot;px&quot;,&quot;size&quot;:&quot;&quot;,&quot;sizes&quot;:[]}}\" data-widget_type=\"button.default\">\n\t\t\t\t\t\t\t\t\t\t<a class=\"elementor-button elementor-button-link elementor-size-sm\" href=\"https:\/\/groupefdufresne.ca\/en\/nos-stations\/\">\n\t\t\t\t\t\t<span class=\"elementor-button-content-wrapper\">\n\t\t\t\t\t\t\t\t\t<span class=\"elementor-button-text\">find a station<\/span>\n\t\t\t\t\t<\/span>\n\t\t\t\t\t<\/a>\n\t\t\t\t\t\t\t\t<\/div>\n\t\t\t\t<\/div>\n\t\t<div class=\"elementor-element elementor-element-da42295 e-con-full e-flex e-con e-child\" data-id=\"da42295\" data-element_type=\"container\" data-e-type=\"container\">\n\t\t\t\t<\/div>\n\t\t\t\t<\/div>\n\t\t<div class=\"elementor-element elementor-element-e3255ed e-flex e-con-boxed e-con e-parent\" data-id=\"e3255ed\" data-element_type=\"container\" data-e-type=\"container\">\n\t\t\t\t\t<div class=\"e-con-inner\">\n\t\t\t\t<div class=\"elementor-element elementor-element-810e407 elementor-widget elementor-widget-image-box\" data-id=\"810e407\" data-element_type=\"widget\" data-e-type=\"widget\" data-widget_type=\"image-box.default\">\n\t\t\t\t\t<div class=\"elementor-image-box-wrapper\"><div class=\"elementor-image-box-content\"><h3 class=\"elementor-image-box-title\">Check out all our Brands and Banners<\/h3><\/div><\/div>\t\t\t\t<\/div>\n\t\t\t\t<div class=\"elementor-element elementor-element-194b16a e-transform elementor-widget elementor-widget-button\" data-id=\"194b16a\" data-element_type=\"widget\" data-e-type=\"widget\" data-settings=\"{&quot;_transform_scale_effect_hover&quot;:{&quot;unit&quot;:&quot;px&quot;,&quot;size&quot;:1.05,&quot;sizes&quot;:[]},&quot;_transform_scale_effect_hover_tablet&quot;:{&quot;unit&quot;:&quot;px&quot;,&quot;size&quot;:&quot;&quot;,&quot;sizes&quot;:[]},&quot;_transform_scale_effect_hover_mobile&quot;:{&quot;unit&quot;:&quot;px&quot;,&quot;size&quot;:&quot;&quot;,&quot;sizes&quot;:[]}}\" data-widget_type=\"button.default\">\n\t\t\t\t\t\t\t\t\t\t<a class=\"elementor-button elementor-button-link elementor-size-sm\" href=\"https:\/\/groupefdufresne.ca\/en\/nos-marques-et-bannieres\/\">\n\t\t\t\t\t\t<span class=\"elementor-button-content-wrapper\">\n\t\t\t\t\t\t\t\t\t<span class=\"elementor-button-text\">see all our brands<\/span>\n\t\t\t\t\t<\/span>\n\t\t\t\t\t<\/a>\n\t\t\t\t\t\t\t\t<\/div>\n\t\t\t\t\t<\/div>\n\t\t\t\t<\/div>\n\t\t<div class=\"elementor-element elementor-element-3367a16 e-flex e-con-boxed e-con e-parent\" data-id=\"3367a16\" data-element_type=\"container\" data-e-type=\"container\">\n\t\t\t\t\t<div class=\"e-con-inner\">\n\t\t<div class=\"elementor-element elementor-element-bcbaee1 e-con-full e-flex e-con e-child\" data-id=\"bcbaee1\" data-element_type=\"container\" data-e-type=\"container\">\n\t\t\t\t<div class=\"elementor-element elementor-element-69f7548 elementor-widget elementor-widget-image\" data-id=\"69f7548\" data-element_type=\"widget\" data-e-type=\"widget\" data-widget_type=\"image.default\">\n\t\t\t\t\t\t\t\t\t\t\t\t\t\t\t<img alt=\"\" fetchpriority=\"high\" decoding=\"async\" width=\"1073\" height=\"650\" src=\"https:\/\/groupefdufresne.ca\/wp-content\/uploads\/2025\/07\/bWFpbi9OT1NfTUFSUVVFU19CQU5OSUVSRVMvMjAyMC0wNi0yNi0xMF81MF8xOC1wcmVzZW50YXRpb24yLS0tcG93ZXJwb2ludC5wbmc.png\" class=\"attachment-full size-full wp-image-84\" srcset=\"https:\/\/groupefdufresne.ca\/wp-content\/uploads\/2025\/07\/bWFpbi9OT1NfTUFSUVVFU19CQU5OSUVSRVMvMjAyMC0wNi0yNi0xMF81MF8xOC1wcmVzZW50YXRpb24yLS0tcG93ZXJwb2ludC5wbmc.png 1073w, https:\/\/groupefdufresne.ca\/wp-content\/uploads\/2025\/07\/bWFpbi9OT1NfTUFSUVVFU19CQU5OSUVSRVMvMjAyMC0wNi0yNi0xMF81MF8xOC1wcmVzZW50YXRpb24yLS0tcG93ZXJwb2ludC5wbmc-300x182.png 300w, https:\/\/groupefdufresne.ca\/wp-content\/uploads\/2025\/07\/bWFpbi9OT1NfTUFSUVVFU19CQU5OSUVSRVMvMjAyMC0wNi0yNi0xMF81MF8xOC1wcmVzZW50YXRpb24yLS0tcG93ZXJwb2ludC5wbmc-1024x620.png 1024w, https:\/\/groupefdufresne.ca\/wp-content\/uploads\/2025\/07\/bWFpbi9OT1NfTUFSUVVFU19CQU5OSUVSRVMvMjAyMC0wNi0yNi0xMF81MF8xOC1wcmVzZW50YXRpb24yLS0tcG93ZXJwb2ludC5wbmc-768x465.png 768w\" sizes=\"(max-width: 1073px) 100vw, 1073px\" \/>\t\t\t\t\t\t\t\t\t\t\t\t\t\t\t<\/div>\n\t\t\t\t<div class=\"elementor-element elementor-element-743a15c elementor-widget elementor-widget-image-box\" data-id=\"743a15c\" data-element_type=\"widget\" data-e-type=\"widget\" data-widget_type=\"image-box.default\">\n\t\t\t\t\t<div class=\"elementor-image-box-wrapper\"><div class=\"elementor-image-box-content\"><h3 class=\"elementor-image-box-title\">Sprint Convenience Store<\/h3><p class=\"elementor-image-box-description\">Our network of corporate convenience stores operates under the Sprint banner, which will soon include some 100 convenience stores across Quebec.<\/p><\/div><\/div>\t\t\t\t<\/div>\n\t\t\t\t<div class=\"elementor-element elementor-element-b52613b e-transform elementor-widget elementor-widget-button\" data-id=\"b52613b\" data-element_type=\"widget\" data-e-type=\"widget\" data-settings=\"{&quot;_transform_scale_effect_hover&quot;:{&quot;unit&quot;:&quot;px&quot;,&quot;size&quot;:1.05,&quot;sizes&quot;:[]},&quot;_transform_scale_effect_hover_tablet&quot;:{&quot;unit&quot;:&quot;px&quot;,&quot;size&quot;:&quot;&quot;,&quot;sizes&quot;:[]},&quot;_transform_scale_effect_hover_mobile&quot;:{&quot;unit&quot;:&quot;px&quot;,&quot;size&quot;:&quot;&quot;,&quot;sizes&quot;:[]}}\" data-widget_type=\"button.default\">\n\t\t\t\t\t\t\t\t\t\t<a class=\"elementor-button elementor-button-link elementor-size-sm\" href=\"https:\/\/groupefdufresne.ca\/en\/services\/depanneur-sprint\/\">\n\t\t\t\t\t\t<span class=\"elementor-button-content-wrapper\">\n\t\t\t\t\t\t\t\t\t<span class=\"elementor-button-text\">learn more<\/span>\n\t\t\t\t\t<\/span>\n\t\t\t\t\t<\/a>\n\t\t\t\t\t\t\t\t<\/div>\n\t\t\t\t<\/div>\n\t\t<div class=\"elementor-element elementor-element-caefc80 e-con-full e-flex e-con e-child\" data-id=\"caefc80\" data-element_type=\"container\" data-e-type=\"container\">\n\t\t\t\t<div class=\"elementor-element elementor-element-16534a8 elementor-widget elementor-widget-image\" data-id=\"16534a8\" data-element_type=\"widget\" data-e-type=\"widget\" data-widget_type=\"image.default\">\n\t\t\t\t\t\t\t\t\t\t\t\t\t\t\t<img alt=\"\" decoding=\"async\" width=\"1083\" height=\"632\" src=\"https:\/\/groupefdufresne.ca\/wp-content\/uploads\/2025\/07\/bWFpbi9OT1NfTUFSUVVFU19CQU5OSUVSRVMvMjAyMC0wNi0yNi0xMV8wOV8xNS1wcmVzZW50YXRpb24yLS0tcG93ZXJwb2ludC5wbmc.png\" class=\"attachment-full size-full wp-image-85\" srcset=\"https:\/\/groupefdufresne.ca\/wp-content\/uploads\/2025\/07\/bWFpbi9OT1NfTUFSUVVFU19CQU5OSUVSRVMvMjAyMC0wNi0yNi0xMV8wOV8xNS1wcmVzZW50YXRpb24yLS0tcG93ZXJwb2ludC5wbmc.png 1083w, https:\/\/groupefdufresne.ca\/wp-content\/uploads\/2025\/07\/bWFpbi9OT1NfTUFSUVVFU19CQU5OSUVSRVMvMjAyMC0wNi0yNi0xMV8wOV8xNS1wcmVzZW50YXRpb24yLS0tcG93ZXJwb2ludC5wbmc-300x175.png 300w, https:\/\/groupefdufresne.ca\/wp-content\/uploads\/2025\/07\/bWFpbi9OT1NfTUFSUVVFU19CQU5OSUVSRVMvMjAyMC0wNi0yNi0xMV8wOV8xNS1wcmVzZW50YXRpb24yLS0tcG93ZXJwb2ludC5wbmc-1024x598.png 1024w, https:\/\/groupefdufresne.ca\/wp-content\/uploads\/2025\/07\/bWFpbi9OT1NfTUFSUVVFU19CQU5OSUVSRVMvMjAyMC0wNi0yNi0xMV8wOV8xNS1wcmVzZW50YXRpb24yLS0tcG93ZXJwb2ludC5wbmc-768x448.png 768w\" sizes=\"(max-width: 1083px) 100vw, 1083px\" \/>\t\t\t\t\t\t\t\t\t\t\t\t\t\t\t<\/div>\n\t\t\t\t<div class=\"elementor-element elementor-element-51620b1 elementor-widget elementor-widget-image-box\" data-id=\"51620b1\" data-element_type=\"widget\" data-e-type=\"widget\" data-widget_type=\"image-box.default\">\n\t\t\t\t\t<div class=\"elementor-image-box-wrapper\"><div class=\"elementor-image-box-content\"><h3 class=\"elementor-image-box-title\">Our Petro-Canada stations<\/h3><p class=\"elementor-image-box-description\">Groupe F. Dufresne is Canada\u2019s largest retailer and operator of Petro-Canada locations.\n<br><br><\/p><\/div><\/div>\t\t\t\t<\/div>\n\t\t\t\t<div class=\"elementor-element elementor-element-8d999f9 e-transform elementor-widget elementor-widget-button\" data-id=\"8d999f9\" data-element_type=\"widget\" data-e-type=\"widget\" data-settings=\"{&quot;_transform_scale_effect_hover&quot;:{&quot;unit&quot;:&quot;px&quot;,&quot;size&quot;:1.05,&quot;sizes&quot;:[]},&quot;_transform_scale_effect_hover_tablet&quot;:{&quot;unit&quot;:&quot;px&quot;,&quot;size&quot;:&quot;&quot;,&quot;sizes&quot;:[]},&quot;_transform_scale_effect_hover_mobile&quot;:{&quot;unit&quot;:&quot;px&quot;,&quot;size&quot;:&quot;&quot;,&quot;sizes&quot;:[]}}\" data-widget_type=\"button.default\">\n\t\t\t\t\t\t\t\t\t\t<a class=\"elementor-button elementor-button-link elementor-size-sm\" href=\"https:\/\/groupefdufresne.ca\/en\/services\/nos-etablissements-petro-canada\/\">\n\t\t\t\t\t\t<span class=\"elementor-button-content-wrapper\">\n\t\t\t\t\t\t\t\t\t<span class=\"elementor-button-text\">learn more<\/span>\n\t\t\t\t\t<\/span>\n\t\t\t\t\t<\/a>\n\t\t\t\t\t\t\t\t<\/div>\n\t\t\t\t<\/div>\n\t\t\t\t\t<\/div>\n\t\t\t\t<\/div>\n\t\t<div class=\"elementor-element elementor-element-6fd4568 e-con-full e-flex e-con e-parent\" data-id=\"6fd4568\" data-element_type=\"container\" data-e-type=\"container\" data-settings=\"{&quot;background_background&quot;:&quot;classic&quot;}\">\n\t\t<div class=\"elementor-element elementor-element-76f89d6 e-con-full e-flex e-con e-child\" data-id=\"76f89d6\" data-element_type=\"container\" data-e-type=\"container\">\n\t\t\t\t<div class=\"elementor-element elementor-element-b665597 elementor-widget elementor-widget-heading\" data-id=\"b665597\" data-element_type=\"widget\" data-e-type=\"widget\" data-widget_type=\"heading.default\">\n\t\t\t\t\t<h2 class=\"elementor-heading-title elementor-size-default\">Join the Groupe F. Dufresne family<\/h2>\t\t\t\t<\/div>\n\t\t\t\t<div class=\"elementor-element elementor-element-7d4df0d e-transform elementor-widget elementor-widget-button\" data-id=\"7d4df0d\" data-element_type=\"widget\" data-e-type=\"widget\" data-settings=\"{&quot;_transform_scale_effect_hover&quot;:{&quot;unit&quot;:&quot;px&quot;,&quot;size&quot;:1.05,&quot;sizes&quot;:[]},&quot;_transform_scale_effect_hover_tablet&quot;:{&quot;unit&quot;:&quot;px&quot;,&quot;size&quot;:&quot;&quot;,&quot;sizes&quot;:[]},&quot;_transform_scale_effect_hover_mobile&quot;:{&quot;unit&quot;:&quot;px&quot;,&quot;size&quot;:&quot;&quot;,&quot;sizes&quot;:[]}}\" data-widget_type=\"button.default\">\n\t\t\t\t\t\t\t\t\t\t<a class=\"elementor-button elementor-button-link elementor-size-sm\" href=\"https:\/\/groupefdufresne.ca\/en\/carrieres\/\">\n\t\t\t\t\t\t<span class=\"elementor-button-content-wrapper\">\n\t\t\t\t\t\t\t\t\t<span class=\"elementor-button-text\">see jobs openings<\/span>\n\t\t\t\t\t<\/span>\n\t\t\t\t\t<\/a>\n\t\t\t\t\t\t\t\t<\/div>\n\t\t\t\t<\/div>\n\t\t<div class=\"elementor-element elementor-element-0381d4a e-con-full e-flex e-con e-child\" data-id=\"0381d4a\" data-element_type=\"container\" data-e-type=\"container\">\n\t\t\t\t<\/div>\n\t\t\t\t<\/div>\n\t\t\t\t<\/div>","protected":false},"excerpt":{"rendered":"<p>https:\/\/groupefdufresne.ca\/wp-content\/uploads\/2025\/07\/groupe-f-dufresne_version-fr-2022-general-rev-corr_mixweb-rev-2-1.webm Une histoire de famille depuis 1950! Voir la vid\u00e9o 75 ans d&rsquo;histoire Cette ann\u00e9e, le Groupe F. Dufresne c\u00e9l\u00e8bre une \u00e9tape importante : 75 ans \u00e0 servir les Qu\u00e9b\u00e9cois (et plus encore) avec passion et d\u00e9vouement. Depuis nos d\u00e9buts jusqu\u2019\u00e0 aujourd\u2019hui, nous avons parcouru un chemin incroyable : plus de 1 500 employ\u00e9s et [&hellip;]<\/p>\n","protected":false},"author":5,"featured_media":0,"parent":0,"menu_order":0,"comment_status":"closed","ping_status":"closed","template":"","meta":{"_seopress_robots_primary_cat":"","_seopress_titles_title":"","_seopress_titles_desc":"","_seopress_robots_index":"","footnotes":""},"class_list":["post-1172","page","type-page","status-publish","hentry"],"_links":{"self":[{"href":"https:\/\/groupefdufresne.ca\/en\/wp-json\/wp\/v2\/pages\/1172","targetHints":{"allow":["GET"]}}],"collection":[{"href":"https:\/\/groupefdufresne.ca\/en\/wp-json\/wp\/v2\/pages"}],"about":[{"href":"https:\/\/groupefdufresne.ca\/en\/wp-json\/wp\/v2\/types\/page"}],"author":[{"embeddable":true,"href":"https:\/\/groupefdufresne.ca\/en\/wp-json\/wp\/v2\/users\/5"}],"replies":[{"embeddable":true,"href":"https:\/\/groupefdufresne.ca\/en\/wp-json\/wp\/v2\/comments?post=1172"}],"version-history":[{"count":0,"href":"https:\/\/groupefdufresne.ca\/en\/wp-json\/wp\/v2\/pages\/1172\/revisions"}],"wp:attachment":[{"href":"https:\/\/groupefdufresne.ca\/en\/wp-json\/wp\/v2\/media?parent=1172"}],"curies":[{"name":"wp","href":"https:\/\/api.w.org\/{rel}","templated":true}]}}