{"id":1009,"date":"2025-09-30T16:58:46","date_gmt":"2025-09-30T16:58:46","guid":{"rendered":"https:\/\/groupefdufresne.ca\/?page_id=1009"},"modified":"2025-09-30T17:11:43","modified_gmt":"2025-09-30T17:11:43","slug":"la-cuisine-centrale","status":"publish","type":"page","link":"https:\/\/groupefdufresne.ca\/en\/services\/la-cuisine-centrale\/","title":{"rendered":"Central Kitchen"},"content":{"rendered":"<div data-elementor-type=\"wp-page\" data-elementor-id=\"1009\" class=\"elementor elementor-1009\" data-elementor-post-type=\"page\">\n\t\t\t\t<div class=\"elementor-element elementor-element-4f1f32b e-con-full e-flex e-con e-parent\" data-id=\"4f1f32b\" data-element_type=\"container\" data-e-type=\"container\" data-settings=\"{&quot;background_background&quot;:&quot;classic&quot;}\">\n\t\t\t\t<div class=\"elementor-element elementor-element-d5361cd elementor-icon-list--layout-traditional elementor-list-item-link-full_width elementor-widget elementor-widget-icon-list\" data-id=\"d5361cd\" data-element_type=\"widget\" data-e-type=\"widget\" data-widget_type=\"icon-list.default\">\n\t\t\t\t\t\t\t<ul class=\"elementor-icon-list-items\">\n\t\t\t\t\t\t\t<li class=\"elementor-icon-list-item\">\n\t\t\t\t\t\t\t\t\t\t\t<a href=\"https:\/\/groupefdufresne.ca\/en\/nos-marques-et-bannieres\/\">\n\n\t\t\t\t\t\t\t\t\t\t\t\t<span class=\"elementor-icon-list-icon\">\n\t\t\t\t\t\t\t<svg xmlns:xlink=\"http:\/\/www.w3.org\/1999\/xlink\" xmlns=\"http:\/\/www.w3.org\/2000\/svg\" width=\"24\" height=\"24\" viewbox=\"0 0 24 24\"><path fill=\"#7B7B7F\" transform=\"matrix(-1 0 0 1 24 0)\" id=\"a\" d=\"M11.295 4.705a.998.998 0 0 0 0 1.41L16.17 11H5a1 1 0 0 0 0 2h11.17l-4.876 4.884a.998.998 0 0 0 1.411 1.411L20 12l-7.295-7.295a.997.997 0 0 0-1.41 0z\"><\/path><\/svg>\t\t\t\t\t\t<\/span>\n\t\t\t\t\t\t\t\t\t\t<span class=\"elementor-icon-list-text\">return<\/span>\n\t\t\t\t\t\t\t\t\t\t\t<\/a>\n\t\t\t\t\t\t\t\t\t<\/li>\n\t\t\t\t\t\t<\/ul>\n\t\t\t\t\t\t<\/div>\n\t\t\t\t<\/div>\n\t\t<div class=\"elementor-element elementor-element-91daa2d e-con-full e-flex e-con e-parent\" data-id=\"91daa2d\" data-element_type=\"container\" data-e-type=\"container\" data-settings=\"{&quot;background_background&quot;:&quot;classic&quot;}\">\n\t\t\t\t<\/div>\n\t\t<div class=\"elementor-element elementor-element-f0a94f8 e-flex e-con-boxed e-con e-parent\" data-id=\"f0a94f8\" data-element_type=\"container\" data-e-type=\"container\">\n\t\t\t\t\t<div class=\"e-con-inner\">\n\t\t<div class=\"elementor-element elementor-element-b7d7fdc e-con-full e-flex e-con e-child\" data-id=\"b7d7fdc\" data-element_type=\"container\" data-e-type=\"container\">\n\t\t\t\t<div class=\"elementor-element elementor-element-7a19767 elementor-widget-tablet__width-initial elementor-widget elementor-widget-image-box\" data-id=\"7a19767\" data-element_type=\"widget\" data-e-type=\"widget\" data-widget_type=\"image-box.default\">\n\t\t\t\t\t<div class=\"elementor-image-box-wrapper\"><div class=\"elementor-image-box-content\"><h3 class=\"elementor-image-box-title\">Central Kitchen<\/h3><p class=\"elementor-image-box-description\">In addition to developing and producing all dishes for Topla! restaurants, the central kitchen team designs products for chefs at hotels, restaurants, and institutions.<\/p><\/div><\/div>\t\t\t\t<\/div>\n\t\t\t\t<div class=\"elementor-element elementor-element-5372b93 e-transform elementor-widget elementor-widget-button\" data-id=\"5372b93\" data-element_type=\"widget\" data-e-type=\"widget\" data-settings=\"{&quot;_transform_scale_effect_hover&quot;:{&quot;unit&quot;:&quot;px&quot;,&quot;size&quot;:1.05,&quot;sizes&quot;:[]},&quot;_transform_scale_effect_hover_tablet&quot;:{&quot;unit&quot;:&quot;px&quot;,&quot;size&quot;:&quot;&quot;,&quot;sizes&quot;:[]},&quot;_transform_scale_effect_hover_mobile&quot;:{&quot;unit&quot;:&quot;px&quot;,&quot;size&quot;:&quot;&quot;,&quot;sizes&quot;:[]}}\" data-widget_type=\"button.default\">\n\t\t\t\t\t\t\t\t\t\t<a class=\"elementor-button elementor-button-link elementor-size-sm\" href=\"https:\/\/www.facebook.com\/lacuisinecentrale\" target=\"_blank\">\n\t\t\t\t\t\t<span class=\"elementor-button-content-wrapper\">\n\t\t\t\t\t\t\t\t\t<span class=\"elementor-button-text\">visit our facebook page<\/span>\n\t\t\t\t\t<\/span>\n\t\t\t\t\t<\/a>\n\t\t\t\t\t\t\t\t<\/div>\n\t\t\t\t<\/div>\n\t\t\t\t\t<\/div>\n\t\t\t\t<\/div>\n\t\t<div class=\"elementor-element elementor-element-ccdc659 e-flex e-con-boxed e-con e-parent\" data-id=\"ccdc659\" data-element_type=\"container\" data-e-type=\"container\">\n\t\t\t\t\t<div class=\"e-con-inner\">\n\t\t<div class=\"elementor-element elementor-element-b63ff7d e-con-full e-flex e-con e-child\" data-id=\"b63ff7d\" data-element_type=\"container\" data-e-type=\"container\">\n\t\t<div class=\"elementor-element elementor-element-2aa57a1 e-con-full of-image-container e-flex e-con e-child\" data-id=\"2aa57a1\" data-element_type=\"container\" data-e-type=\"container\">\n\t\t\t\t<div class=\"elementor-element elementor-element-b13fb8a elementor-widget elementor-widget-heading\" data-id=\"b13fb8a\" data-element_type=\"widget\" data-e-type=\"widget\" data-widget_type=\"heading.default\">\n\t\t\t\t\t<h2 class=\"elementor-heading-title elementor-size-default\">Catalogue<\/h2>\t\t\t\t<\/div>\n\t\t\t\t<div class=\"elementor-element elementor-element-2c4ef36 elementor-widget elementor-widget-image\" data-id=\"2c4ef36\" data-element_type=\"widget\" data-e-type=\"widget\" data-widget_type=\"image.default\">\n\t\t\t\t\t\t\t\t\t\t\t\t\t\t\t<img alt=\"\" decoding=\"async\" width=\"150\" height=\"150\" src=\"https:\/\/groupefdufresne.ca\/wp-content\/uploads\/2025\/09\/bWFpbi9fY2NfaW1hZ2VfcG9zdF9mYl8wMi1lcDEuanBn.jpeg\" class=\"attachment-full size-full wp-image-1017\" srcset=\"https:\/\/groupefdufresne.ca\/wp-content\/uploads\/2025\/09\/bWFpbi9fY2NfaW1hZ2VfcG9zdF9mYl8wMi1lcDEuanBn.jpeg 150w, https:\/\/groupefdufresne.ca\/wp-content\/uploads\/2025\/09\/bWFpbi9fY2NfaW1hZ2VfcG9zdF9mYl8wMi1lcDEuanBn-12x12.jpeg 12w\" sizes=\"(max-width: 150px) 100vw, 150px\" \/>\t\t\t\t\t\t\t\t\t\t\t\t\t\t\t<\/div>\n\t\t\t\t<\/div>\n\t\t<div class=\"elementor-element elementor-element-38ba967 e-con-full e-flex e-con e-child\" data-id=\"38ba967\" data-element_type=\"container\" data-e-type=\"container\">\n\t\t\t\t<div class=\"elementor-element elementor-element-a9b60b7 elementor-widget elementor-widget-heading\" data-id=\"a9b60b7\" data-element_type=\"widget\" data-e-type=\"widget\" data-widget_type=\"heading.default\">\n\t\t\t\t\t<h2 class=\"elementor-heading-title elementor-size-default\">Catalogue<\/h2>\t\t\t\t<\/div>\n\t\t\t\t<div class=\"elementor-element elementor-element-5c33e1a elementor-widget elementor-widget-text-editor\" data-id=\"5c33e1a\" data-element_type=\"widget\" data-e-type=\"widget\" data-widget_type=\"text-editor.default\">\n\t\t\t\t\t\t\t\t\tConsultez-le\n\n\t\t\t\t\t\t\t\t<\/div>\n\t\t\t\t<div class=\"elementor-element elementor-element-f8cb15a e-transform elementor-absolute of-banniers-btn elementor-mobile-align-center elementor-widget-mobile__width-inherit elementor-widget elementor-widget-button\" data-id=\"f8cb15a\" data-element_type=\"widget\" data-e-type=\"widget\" data-settings=\"{&quot;_transform_scale_effect_hover&quot;:{&quot;unit&quot;:&quot;px&quot;,&quot;size&quot;:1.05,&quot;sizes&quot;:[]},&quot;_position&quot;:&quot;absolute&quot;,&quot;_transform_scale_effect_hover_tablet&quot;:{&quot;unit&quot;:&quot;px&quot;,&quot;size&quot;:&quot;&quot;,&quot;sizes&quot;:[]},&quot;_transform_scale_effect_hover_mobile&quot;:{&quot;unit&quot;:&quot;px&quot;,&quot;size&quot;:&quot;&quot;,&quot;sizes&quot;:[]}}\" data-widget_type=\"button.default\">\n\t\t\t\t\t\t\t\t\t\t<a class=\"elementor-button elementor-button-link elementor-size-sm\" href=\"https:\/\/heyzine.com\/flip-book\/7dae7baa8b.html\">\n\t\t\t\t\t\t<span class=\"elementor-button-content-wrapper\">\n\t\t\t\t\t\t\t\t\t<span class=\"elementor-button-text\">Consultez-le<\/span>\n\t\t\t\t\t<\/span>\n\t\t\t\t\t<\/a>\n\t\t\t\t\t\t\t\t<\/div>\n\t\t\t\t<\/div>\n\t\t\t\t<\/div>\n\t\t\t\t\t<\/div>\n\t\t\t\t<\/div>\n\t\t<div class=\"elementor-element elementor-element-6fdaf13 e-flex e-con-boxed e-con e-parent\" data-id=\"6fdaf13\" data-element_type=\"container\" data-e-type=\"container\">\n\t\t\t\t\t<div class=\"e-con-inner\">\n\t\t\t\t<div class=\"elementor-element elementor-element-c497551 elementor-widget__width-initial elementor-widget elementor-widget-image-box\" data-id=\"c497551\" data-element_type=\"widget\" data-e-type=\"widget\" data-widget_type=\"image-box.default\">\n\t\t\t\t\t<div class=\"elementor-image-box-wrapper\"><div class=\"elementor-image-box-content\"><h3 class=\"elementor-image-box-title\">Contactez notre \u00e9quipe de La Cuisine Centrale<\/h3><p class=\"elementor-image-box-description\">Pour plus d'information, contactez directement un responsable de La Cuisine Centrale qui pourra r\u00e9pondre \u00e0 vos besoins!<\/p><\/div><\/div>\t\t\t\t<\/div>\n\t\t<div class=\"elementor-element elementor-element-0dfe5b4 e-con-full e-flex e-con e-child\" data-id=\"0dfe5b4\" data-element_type=\"container\" data-e-type=\"container\">\n\t\t<div class=\"elementor-element elementor-element-11a9bfb e-con-full e-flex e-con e-child\" data-id=\"11a9bfb\" data-element_type=\"container\" data-e-type=\"container\">\n\t\t\t\t<div class=\"elementor-element elementor-element-348dd65 elementor-view-default elementor-widget elementor-widget-icon\" data-id=\"348dd65\" data-element_type=\"widget\" data-e-type=\"widget\" data-widget_type=\"icon.default\">\n\t\t\t\t\t\t\t<div class=\"elementor-icon-wrapper\">\n\t\t\t<a class=\"elementor-icon\" href=\"tel:+1%20418-781-3551\">\n\t\t\t<svg xmlns=\"http:\/\/www.w3.org\/2000\/svg\" width=\"24\" height=\"24\" viewbox=\"0 0 24 24\"><path fill=\"var(--foreground-color\" d=\"M6.62 10.79c1.44 2.83 3.76 5.14 6.59 6.59l2.2-2.2c.27-.27.67-.36 1.02-.24 1.12.37 2.33.57 3.57.57.55 0 1 .45 1 1V20c0 .55-.45 1-1 1-9.39 0-17-7.61-17-17 0-.55.45-1 1-1h3.5c.55 0 1 .45 1 1 0 1.25.2 2.45.57 3.57.11.35.03.74-.25 1.02z\"><\/path><\/svg>\t\t\t<\/a>\n\t\t<\/div>\n\t\t\t\t\t\t<\/div>\n\t\t\t\t<div class=\"elementor-element elementor-element-f5def7a elementor-align-justify elementor-widget__width-initial e-transform elementor-widget-mobile__width-initial elementor-widget elementor-widget-button\" data-id=\"f5def7a\" data-element_type=\"widget\" data-e-type=\"widget\" data-settings=\"{&quot;_transform_scale_effect_hover&quot;:{&quot;unit&quot;:&quot;px&quot;,&quot;size&quot;:1.08,&quot;sizes&quot;:[]},&quot;_transform_scale_effect_hover_tablet&quot;:{&quot;unit&quot;:&quot;px&quot;,&quot;size&quot;:&quot;&quot;,&quot;sizes&quot;:[]},&quot;_transform_scale_effect_hover_mobile&quot;:{&quot;unit&quot;:&quot;px&quot;,&quot;size&quot;:&quot;&quot;,&quot;sizes&quot;:[]}}\" data-widget_type=\"button.default\">\n\t\t\t\t\t\t\t\t\t\t<a class=\"elementor-button elementor-button-link elementor-size-sm\" href=\"tel:+1%20418-781-3551\">\n\t\t\t\t\t\t<span class=\"elementor-button-content-wrapper\">\n\t\t\t\t\t\t\t\t\t<span class=\"elementor-button-text\">+1 418-781-3551<\/span>\n\t\t\t\t\t<\/span>\n\t\t\t\t\t<\/a>\n\t\t\t\t\t\t\t\t<\/div>\n\t\t\t\t<\/div>\n\t\t<div class=\"elementor-element elementor-element-b5c336e e-con-full e-flex e-con e-child\" data-id=\"b5c336e\" data-element_type=\"container\" data-e-type=\"container\">\n\t\t\t\t<div class=\"elementor-element elementor-element-5820a63 elementor-view-default elementor-widget elementor-widget-icon\" data-id=\"5820a63\" data-element_type=\"widget\" data-e-type=\"widget\" data-widget_type=\"icon.default\">\n\t\t\t\t\t\t\t<div class=\"elementor-icon-wrapper\">\n\t\t\t<a class=\"elementor-icon\" href=\"mailto:cuisinecentrale@groupefdufresne.ca\">\n\t\t\t<svg xmlns=\"http:\/\/www.w3.org\/2000\/svg\" width=\"24\" height=\"24\" viewbox=\"0 0 23.5 24\"><path fill=\"var(--foreground-color)\" d=\"M20 3c1.652 0 3 1.348 3 3v12c0 1.652-1.348 3-3 3H4c-1.652 0-3-1.348-3-3l.01-12c0-1.653 1.338-3 2.99-3zm-2.337 4.144-5.693 3.429-5.454-3.286a1 1 0 0 0-1.128 1.647L5.484 9l6.52 3.928.006-.011 6.69-4.06a1 1 0 0 0 .338-1.37l-.002-.003a1 1 0 0 0-1.373-.34\"><\/path><\/svg>\t\t\t<\/a>\n\t\t<\/div>\n\t\t\t\t\t\t<\/div>\n\t\t\t\t<div class=\"elementor-element elementor-element-2ed2cd8 elementor-align-justify elementor-widget__width-initial e-transform elementor-widget-mobile__width-initial elementor-widget elementor-widget-button\" data-id=\"2ed2cd8\" data-element_type=\"widget\" data-e-type=\"widget\" data-settings=\"{&quot;_transform_scale_effect_hover&quot;:{&quot;unit&quot;:&quot;px&quot;,&quot;size&quot;:1.08,&quot;sizes&quot;:[]},&quot;_transform_scale_effect_hover_tablet&quot;:{&quot;unit&quot;:&quot;px&quot;,&quot;size&quot;:&quot;&quot;,&quot;sizes&quot;:[]},&quot;_transform_scale_effect_hover_mobile&quot;:{&quot;unit&quot;:&quot;px&quot;,&quot;size&quot;:&quot;&quot;,&quot;sizes&quot;:[]}}\" data-widget_type=\"button.default\">\n\t\t\t\t\t\t\t\t\t\t<a class=\"elementor-button elementor-button-link elementor-size-sm\" href=\"mailto:cuisinecentrale@groupefdufresne.ca\">\n\t\t\t\t\t\t<span class=\"elementor-button-content-wrapper\">\n\t\t\t\t\t\t\t\t\t<span class=\"elementor-button-text\">cuisinecentrale@groupefdufresne.ca<\/span>\n\t\t\t\t\t<\/span>\n\t\t\t\t\t<\/a>\n\t\t\t\t\t\t\t\t<\/div>\n\t\t\t\t<\/div>\n\t\t\t\t<\/div>\n\t\t\t\t\t<\/div>\n\t\t\t\t<\/div>\n\t\t<div class=\"elementor-element elementor-element-7b6792a e-con-full e-flex e-con e-parent\" data-id=\"7b6792a\" data-element_type=\"container\" data-e-type=\"container\">\n\t\t<div class=\"elementor-element elementor-element-6c9d851 e-con-full e-flex e-con e-child\" data-id=\"6c9d851\" data-element_type=\"container\" data-e-type=\"container\" data-settings=\"{&quot;background_background&quot;:&quot;classic&quot;}\">\n\t\t\t\t<div class=\"elementor-element elementor-element-258e626 elementor-widget elementor-widget-heading\" data-id=\"258e626\" data-element_type=\"widget\" data-e-type=\"widget\" data-widget_type=\"heading.default\">\n\t\t\t\t\t<h2 class=\"elementor-heading-title elementor-size-default\">Close to home<\/h2>\t\t\t\t<\/div>\n\t\t\t\t<div class=\"elementor-element elementor-element-b59c93f elementor-widget__width-initial elementor-widget-tablet__width-inherit elementor-widget elementor-widget-image-box\" data-id=\"b59c93f\" data-element_type=\"widget\" data-e-type=\"widget\" data-widget_type=\"image-box.default\">\n\t\t\t\t\t<div class=\"elementor-image-box-wrapper\"><div class=\"elementor-image-box-content\"><h3 class=\"elementor-image-box-title\">Find a service station<\/h3><p class=\"elementor-image-box-description\">Find the nearest gas station or convenience store on an interactive map!<\/p><\/div><\/div>\t\t\t\t<\/div>\n\t\t\t\t<div class=\"elementor-element elementor-element-52b1eb8 e-transform elementor-widget elementor-widget-button\" data-id=\"52b1eb8\" data-element_type=\"widget\" data-e-type=\"widget\" data-settings=\"{&quot;_transform_scale_effect_hover&quot;:{&quot;unit&quot;:&quot;px&quot;,&quot;size&quot;:1.05,&quot;sizes&quot;:[]},&quot;_transform_scale_effect_hover_tablet&quot;:{&quot;unit&quot;:&quot;px&quot;,&quot;size&quot;:&quot;&quot;,&quot;sizes&quot;:[]},&quot;_transform_scale_effect_hover_mobile&quot;:{&quot;unit&quot;:&quot;px&quot;,&quot;size&quot;:&quot;&quot;,&quot;sizes&quot;:[]}}\" data-widget_type=\"button.default\">\n\t\t\t\t\t\t\t\t\t\t<a class=\"elementor-button elementor-button-link elementor-size-sm\" href=\"\/en\/nos-stations\/\">\n\t\t\t\t\t\t<span class=\"elementor-button-content-wrapper\">\n\t\t\t\t\t\t\t\t\t<span class=\"elementor-button-text\">find a station<\/span>\n\t\t\t\t\t<\/span>\n\t\t\t\t\t<\/a>\n\t\t\t\t\t\t\t\t<\/div>\n\t\t\t\t<\/div>\n\t\t<div class=\"elementor-element elementor-element-071261d e-con-full e-flex e-con e-child\" data-id=\"071261d\" data-element_type=\"container\" data-e-type=\"container\" data-settings=\"{&quot;background_background&quot;:&quot;classic&quot;}\">\n\t\t\t\t<div class=\"elementor-element elementor-element-c87fee0 elementor-widget elementor-widget-heading\" data-id=\"c87fee0\" data-element_type=\"widget\" data-e-type=\"widget\" data-widget_type=\"heading.default\">\n\t\t\t\t\t<h2 class=\"elementor-heading-title elementor-size-default\">careers<\/h2>\t\t\t\t<\/div>\n\t\t\t\t<div class=\"elementor-element elementor-element-7adb316 elementor-widget__width-initial elementor-widget-tablet__width-inherit elementor-widget elementor-widget-image-box\" data-id=\"7adb316\" data-element_type=\"widget\" data-e-type=\"widget\" data-widget_type=\"image-box.default\">\n\t\t\t\t\t<div class=\"elementor-image-box-wrapper\"><div class=\"elementor-image-box-content\"><h3 class=\"elementor-image-box-title\">Join the Groupe F. Dufresne family<\/h3><p class=\"elementor-image-box-description\">Whether as part of the administrative team at our head office or in one of our divisions, we\u2019re always looking for new talent to join the Groupe F. Dufresne family.<\/p><\/div><\/div>\t\t\t\t<\/div>\n\t\t\t\t<div class=\"elementor-element elementor-element-f3afea8 e-transform elementor-widget elementor-widget-button\" data-id=\"f3afea8\" data-element_type=\"widget\" data-e-type=\"widget\" data-settings=\"{&quot;_transform_scale_effect_hover&quot;:{&quot;unit&quot;:&quot;px&quot;,&quot;size&quot;:1.05,&quot;sizes&quot;:[]},&quot;_transform_scale_effect_hover_tablet&quot;:{&quot;unit&quot;:&quot;px&quot;,&quot;size&quot;:&quot;&quot;,&quot;sizes&quot;:[]},&quot;_transform_scale_effect_hover_mobile&quot;:{&quot;unit&quot;:&quot;px&quot;,&quot;size&quot;:&quot;&quot;,&quot;sizes&quot;:[]}}\" data-widget_type=\"button.default\">\n\t\t\t\t\t\t\t\t\t\t<a class=\"elementor-button elementor-button-link elementor-size-sm\" href=\"\/en\/carrieres\/\" target=\"_blank\">\n\t\t\t\t\t\t<span class=\"elementor-button-content-wrapper\">\n\t\t\t\t\t\t\t\t\t<span class=\"elementor-button-text\">learn more<\/span>\n\t\t\t\t\t<\/span>\n\t\t\t\t\t<\/a>\n\t\t\t\t\t\t\t\t<\/div>\n\t\t\t\t<\/div>\n\t\t\t\t<\/div>\n\t\t\t\t<\/div>","protected":false},"excerpt":{"rendered":"<p>retour La Cuisine Centrale L&rsquo;\u00e9quipe de la Cuisine Centrale con\u00e7oit des produits pour des chefs de l&rsquo;industrie h\u00f4teli\u00e8re, de la restauration et l&rsquo;institutionnel. Tous les produits sont pr\u00e9par\u00e9s avec des ingr\u00e9dients frais, de qualit\u00e9 et pr\u00eats \u00e0 \u00eatre utilis\u00e9s. C&rsquo;est plus d&rsquo;une vingtaine de produits offerts par l&rsquo;entremise de nos distributeurs! Visitez notre page Facebook [&hellip;]<\/p>\n","protected":false},"author":2,"featured_media":0,"parent":786,"menu_order":0,"comment_status":"closed","ping_status":"closed","template":"","meta":{"_seopress_robots_primary_cat":"","_seopress_titles_title":"","_seopress_titles_desc":"","_seopress_robots_index":"","footnotes":""},"class_list":["post-1009","page","type-page","status-publish","hentry"],"_links":{"self":[{"href":"https:\/\/groupefdufresne.ca\/en\/wp-json\/wp\/v2\/pages\/1009","targetHints":{"allow":["GET"]}}],"collection":[{"href":"https:\/\/groupefdufresne.ca\/en\/wp-json\/wp\/v2\/pages"}],"about":[{"href":"https:\/\/groupefdufresne.ca\/en\/wp-json\/wp\/v2\/types\/page"}],"author":[{"embeddable":true,"href":"https:\/\/groupefdufresne.ca\/en\/wp-json\/wp\/v2\/users\/2"}],"replies":[{"embeddable":true,"href":"https:\/\/groupefdufresne.ca\/en\/wp-json\/wp\/v2\/comments?post=1009"}],"version-history":[{"count":0,"href":"https:\/\/groupefdufresne.ca\/en\/wp-json\/wp\/v2\/pages\/1009\/revisions"}],"up":[{"embeddable":true,"href":"https:\/\/groupefdufresne.ca\/en\/wp-json\/wp\/v2\/pages\/786"}],"wp:attachment":[{"href":"https:\/\/groupefdufresne.ca\/en\/wp-json\/wp\/v2\/media?parent=1009"}],"curies":[{"name":"wp","href":"https:\/\/api.w.org\/{rel}","templated":true}]}}